{"id":668,"date":"2018-04-26T11:23:14","date_gmt":"2018-04-26T09:23:14","guid":{"rendered":"http:\/\/www.agriocchio.it\/attivita\/"},"modified":"2026-02-05T17:10:13","modified_gmt":"2026-02-05T16:10:13","slug":"actividades","status":"publish","type":"page","link":"https:\/\/www.agriocchio.it\/es\/actividades\/","title":{"rendered":"Actividades"},"content":{"rendered":"<\/div><\/div><\/div><!-- close content main div --><\/div><\/div><div id='av_section_1' class='avia-section main_color avia-section-default avia-no-border-styling avia-full-stretch av-parallax-section av-section-color-overlay-active avia-bg-style-parallax  ht-section-top ht-page-about ht-page-business-top  av-minimum-height av-minimum-height-100 container_wrap sidebar_right'  data-section-bg-repeat='stretch' ><div class='av-parallax' data-avia-parallax-ratio='0.3' ><div class='av-parallax-inner main_color  avia-full-stretch' style = 'background-repeat: no-repeat; background-image: url(https:\/\/www.agriocchio.it\/wp-content\/uploads\/2018\/05\/occhio_attivita_background.jpg); background-attachment: scroll; background-position: center center; ' ><\/div><\/div><div class='av-section-color-overlay-wrap'><div class='av-section-color-overlay' style='opacity: 1; background-image: url(https:\/\/www.agriocchio.it\/wp-content\/uploads\/2018\/05\/occhio_azienda_overlay.png); background-repeat: repeat;'><\/div><a href='#next-section' title='' class='scroll-down-link  av-custom-scroll-down-color' style='color: #ffffff;' aria-hidden='true' data-av_icon='\ue877' data-av_iconfont='entypo-fontello'><\/a><div class='container' ><div class='template-page content  av-content-small alpha units'><div class='post-entry post-entry-type-page post-entry-668'><div class='entry-content-wrapper clearfix'>\n<div class=\"flex_column av_one_half  flex_column_div av-zero-column-padding first   \" style='border-radius:0px; '><p><div style='padding-bottom:0px;color:#ffffff;' class='av-special-heading av-special-heading-h1 custom-color-heading blockquote modern-quote   '><h1 class='av-special-heading-tag '  itemprop=\"headline\"  >Actividades<\/h1><div class='special-heading-border'><div class='special-heading-inner-border' style='border-color:#ffffff'><\/div><\/div><\/div><br \/>\n<section class=\"av_textblock_section \"  itemscope=\"itemscope\" itemtype=\"https:\/\/schema.org\/CreativeWork\" ><div class='avia_textblock  av_inherit_color '  style='color:#ffffff; '  itemprop=\"text\" ><p class=\"p1\"><span class=\"s1\">La superficie de unas 700 hect\u00e1reas de la explotaci\u00f3n se ven valorizadas gracias a varias producciones agr\u00edcolas y plantaciones orientadas a mantener el equilibrio natural y paisaj\u00edstico del Parque Natural del Valle del Ticino. <\/span><\/p>\n<p class=\"p1\"><span class=\"s1\">Adem\u00e1s, desde 2011 est\u00e1 activa la <strong>central fotovoltaica<\/strong> constituida por paneles en silicio colocados sobre las cubiertas de los edificios rurales con una potencia de 105 kWh sobre una superficie expuesta de aprox. 850 m<\/span><span class=\"s2\"><sup>2<\/sup><\/span><span class=\"s1\">. La producci\u00f3n anual estimada de esta central es de unos 150.000 kWh.<\/span><\/p>\n<\/div><\/section><br \/>\n<div style='height:50px' class='hr hr-invisible  '><span class='hr-inner ' ><span class='hr-inner-style'><\/span><\/span><\/div><\/p><\/div><div class=\"flex_column av_one_half  flex_column_div av-zero-column-padding   \" style='border-radius:0px; '><\/div>\n<\/div><\/div><\/div><!-- close content main div --><\/div><\/div><\/div><div id='after_section_1' class='main_color av_default_container_wrap container_wrap sidebar_right'   ><div class='container' ><div class='template-page content  av-content-small alpha units'><div class='post-entry post-entry-type-page post-entry-668'><div class='entry-content-wrapper clearfix'>\n<\/div><\/div><\/div><!-- close content main div --><\/div><\/div><div id='annual-report' class='avia-section main_color avia-section-default avia-no-border-styling avia-full-stretch av-section-color-overlay-active avia-bg-style-scroll  ht-page-about ht-section-bottom  av-minimum-height av-minimum-height-100 container_wrap sidebar_right' style = 'background-repeat: no-repeat; background-image: url(https:\/\/www.agriocchio.it\/wp-content\/uploads\/2018\/05\/occhio_attivita_background_bottom.jpg); background-attachment: scroll; background-position: center center; ' data-section-bg-repeat='stretch' ><div class='av-section-color-overlay-wrap'><div class='av-section-color-overlay' style='opacity: 1; background-image: url(https:\/\/www.agriocchio.it\/wp-content\/uploads\/2018\/05\/occhio_attivita_overlay_bottom.png); background-repeat: repeat;'><\/div><div class='container' ><div class='template-page content  av-content-small alpha units'><div class='post-entry post-entry-type-page post-entry-668'><div class='entry-content-wrapper clearfix'>\n<div  class='hr hr-default  '><span class='hr-inner ' ><span class='hr-inner-style'><\/span><\/span><\/div>\n<div class=\"flex_column av_one_fourth  flex_column_div av-zero-column-padding first  \" style='border-radius:0px; '><\/div><div class=\"flex_column av_one_fourth  flex_column_div av-zero-column-padding   \" style='border-radius:0px; '><div style='color:#ffffff' class=\"avia-animated-number av-force-default-color  avia-color-font-custom  ht-circle-graph num-1 avia_animate_when_visible\" style='color:#ffffff'><strong class=\"heading avia-animated-number-title\" ><span class=\"avia-single-number __av-single-number\" data-number=\"1\">1<\/span><\/strong><div class='avia-animated-number-content' ><h5 style=\"color: #fff;\">Az. Agricola Occhio<\/h5>\n<p>una superficie total de 700 hect\u00e1reas<\/p>\n<\/div><\/div><\/div><div class=\"flex_column av_one_fourth  flex_column_div av-zero-column-padding   \" style='border-radius:0px; '><div style='color:#ffffff' class=\"avia-animated-number av-force-default-color  avia-color-font-custom  ht-circle-graph num-1 avia_animate_when_visible\" style='color:#ffffff'><strong class=\"heading avia-animated-number-title\" ><span class=\"avia-single-number __av-single-number\" data-number=\"1\">1<\/span><\/strong><div class='avia-animated-number-content' ><h5 style=\"color: #fff;\">Agricultura convencional (411 hect\u00e1reas):<\/h5>\n<p>Arroz 313 hect\u00e1reas<br \/>\nCebada 40 hect\u00e1reas<br \/>\nMa\u00edz 58 hect\u00e1reas<\/p>\n<\/div><\/div><\/div><div class=\"flex_column av_one_fourth  flex_column_div av-zero-column-padding   \" style='border-radius:0px; '><\/div><div  class='hr hr-default   '><span class='hr-inner ' ><span class='hr-inner-style'><\/span><\/span><\/div>\n<div class=\"flex_column av_one_fourth  flex_column_div av-zero-column-padding first  \" style='border-radius:0px; '><\/div><div class=\"flex_column av_one_fourth  flex_column_div av-zero-column-padding   \" style='border-radius:0px; '><div style='color:#ffffff' class=\"avia-animated-number av-force-default-color  avia-color-font-custom  ht-circle-graph num-1 avia_animate_when_visible\" style='color:#ffffff'><strong class=\"heading avia-animated-number-title\" ><span class=\"avia-single-number __av-single-number\" data-number=\"1\">1<\/span><\/strong><div class='avia-animated-number-content' ><h5 style=\"color: #fff;\">Agricultura plurianual (27 hect\u00e1reas):<\/h5>\n<p>Chopos 18 hect\u00e0reas<br \/>\nPlanta de miel 9 hect\u00e0reas<\/p>\n<\/div><\/div><\/div><div class=\"flex_column av_one_fourth  flex_column_div av-zero-column-padding   \" style='border-radius:0px; '><div style='color:#ffffff' class=\"avia-animated-number av-force-default-color  avia-color-font-custom  ht-circle-graph num-1 avia_animate_when_visible\" style='color:#ffffff'><strong class=\"heading avia-animated-number-title\" ><span class=\"avia-single-number __av-single-number\" data-number=\"1\">1<\/span><\/strong><div class='avia-animated-number-content' ><h5 style=\"color: #fff;\">Biomasas<\/h5>\n<p>(aprox. 6 hect\u00e1reas)<\/p>\n<\/div><\/div><\/div><div class=\"flex_column av_one_fourth  flex_column_div av-zero-column-padding   \" style='border-radius:0px; '><\/div><div  class='hr hr-default  '><span class='hr-inner ' ><span class='hr-inner-style'><\/span><\/span><\/div>\n<div class=\"flex_column av_one_fourth  flex_column_div av-zero-column-padding first  \" style='border-radius:0px; '><\/div><div class=\"flex_column av_one_fourth  flex_column_div av-zero-column-padding   \" style='border-radius:0px; '><div style='color:#ffffff' class=\"avia-animated-number av-force-default-color  avia-color-font-custom  ht-circle-graph num-1 avia_animate_when_visible\" style='color:#ffffff'><strong class=\"heading avia-animated-number-title\" ><span class=\"avia-single-number __av-single-number\" data-number=\"1\">1<\/span><\/strong><div class='avia-animated-number-content' ><h5 style=\"color: #fff;\">Areas forestales<\/h5>\n<p>vinculadas a parque (aprox. 200 hect\u00e1reas)<\/p>\n<\/div><\/div><\/div><div class=\"flex_column av_one_fourth  flex_column_div av-zero-column-padding   \" style='border-radius:0px; '><div style='color:#ffffff' class=\"avia-animated-number av-force-default-color  avia-color-font-custom  ht-circle-graph num-1 avia_animate_when_visible\" style='color:#ffffff'><strong class=\"heading avia-animated-number-title\" ><span class=\"avia-single-number __av-single-number\" data-number=\"1\">1<\/span><\/strong><div class='avia-animated-number-content' ><p>La superficie restante concierne las \u00e1reas ocupadas por construcciones rurales, \u00e1reas de representaci\u00f3n (3 hect\u00e1reas), as\u00ed como caminos internos (53 hect\u00e1reas)<\/p>\n<\/div><\/div><\/div><div  class='hr hr-default  '><span class='hr-inner ' ><span class='hr-inner-style'><\/span><\/span><\/div>\n<\/div><\/div><\/div><!-- close content main div --><\/div><\/div><\/div><div id='after_section_2' class='main_color av_default_container_wrap container_wrap sidebar_right'   ><div class='container' ><div class='template-page content  av-content-small alpha units'><div class='post-entry post-entry-type-page post-entry-668'><div class='entry-content-wrapper clearfix'>\n","protected":false},"excerpt":{"rendered":"","protected":false},"author":2,"featured_media":0,"parent":0,"menu_order":0,"comment_status":"closed","ping_status":"closed","template":"","meta":{"footnotes":""},"_links":{"self":[{"href":"https:\/\/www.agriocchio.it\/es\/wp-json\/wp\/v2\/pages\/668\/"}],"collection":[{"href":"https:\/\/www.agriocchio.it\/es\/wp-json\/wp\/v2\/pages\/"}],"about":[{"href":"https:\/\/www.agriocchio.it\/es\/wp-json\/wp\/v2\/types\/page\/"}],"author":[{"embeddable":true,"href":"https:\/\/www.agriocchio.it\/es\/wp-json\/wp\/v2\/users\/2\/"}],"replies":[{"embeddable":true,"href":"https:\/\/www.agriocchio.it\/es\/wp-json\/wp\/v2\/comments\/?post=668"}],"version-history":[{"count":15,"href":"https:\/\/www.agriocchio.it\/es\/wp-json\/wp\/v2\/pages\/668\/revisions\/"}],"predecessor-version":[{"id":1166,"href":"https:\/\/www.agriocchio.it\/es\/wp-json\/wp\/v2\/pages\/668\/revisions\/1166\/"}],"wp:attachment":[{"href":"https:\/\/www.agriocchio.it\/es\/wp-json\/wp\/v2\/media\/?parent=668"}],"curies":[{"name":"wp","href":"https:\/\/api.w.org\/{rel}","templated":true}]}}