{"id":658,"date":"2018-05-06T17:48:14","date_gmt":"2018-05-06T15:48:14","guid":{"rendered":"http:\/\/www.agriocchio.it\/il-territorio\/"},"modified":"2018-12-13T12:51:58","modified_gmt":"2018-12-13T11:51:58","slug":"territorio","status":"publish","type":"page","link":"https:\/\/www.agriocchio.it\/es\/territorio\/","title":{"rendered":"Territorio"},"content":{"rendered":"<\/div><\/div><\/div><!-- close content main div --><\/div><\/div><div id='av_section_1' class='avia-section main_color avia-section-default avia-no-border-styling avia-full-stretch av-parallax-section av-section-color-overlay-active avia-bg-style-parallax  ht-section-top ht-page-about ht-page-business-top  av-minimum-height av-minimum-height-100 container_wrap sidebar_right'  data-section-bg-repeat='stretch' ><div class='av-parallax' data-avia-parallax-ratio='0.3' ><div class='av-parallax-inner main_color  avia-full-stretch' style = 'background-repeat: no-repeat; background-image: url(https:\/\/www.agriocchio.it\/wp-content\/uploads\/2018\/05\/occhio_territorio_background.jpg); background-attachment: scroll; background-position: center center; ' ><\/div><\/div><div class='av-section-color-overlay-wrap'><div class='av-section-color-overlay' style='opacity: 1; background-image: url(https:\/\/www.agriocchio.it\/wp-content\/uploads\/2018\/05\/occhio_azienda_overlay.png); background-repeat: repeat;'><\/div><a href='#next-section' title='' class='scroll-down-link  av-custom-scroll-down-color' style='color: #ffffff;' aria-hidden='true' data-av_icon='\ue877' data-av_iconfont='entypo-fontello'><\/a><div class='container' ><div class='template-page content  av-content-small alpha units'><div class='post-entry post-entry-type-page post-entry-658'><div class='entry-content-wrapper clearfix'>\n<div class=\"flex_column av_one_half  flex_column_div av-zero-column-padding first   \" style='border-radius:0px; '><p><div style='padding-bottom:0px;color:#ffffff;' class='av-special-heading av-special-heading-h1 custom-color-heading blockquote modern-quote   '><h1 class='av-special-heading-tag '  itemprop=\"headline\"  >Territorio<\/h1><div class='special-heading-border'><div class='special-heading-inner-border' style='border-color:#ffffff'><\/div><\/div><\/div><br \/>\n<section class=\"av_textblock_section \"  itemscope=\"itemscope\" itemtype=\"https:\/\/schema.org\/CreativeWork\" ><div class='avia_textblock  av_inherit_color '  style='color:#ffffff; '  itemprop=\"text\" ><p>Todos los terrenos de la explotaci\u00f3n se encuentran en una vasta llanura inmersa en el Parque Natural del Valle del Ticino y abarcan una superficie total de 700 hect\u00e1reas en la provincia de Pav\u00eda, comprendida entre 4 municipios:<\/p>\n<p><strong>Municipio de Zerbol\u00f2 86%<\/strong><br \/>\n<strong>Municipio de Bereguardo Zelata 10.5%<\/strong><br \/>\n<strong>Municipio de Borgo San Siro 3.25%<\/strong><br \/>\n<strong>Municipio de Vigevano 0.25%<\/strong><\/p>\n<\/div><\/section><br \/>\n<div style='height:50px' class='hr hr-invisible  '><span class='hr-inner ' ><span class='hr-inner-style'><\/span><\/span><\/div><\/p><\/div><div class=\"flex_column av_one_half  flex_column_div av-zero-column-padding   \" style='border-radius:0px; '><\/div><\/div><\/div><\/div><!-- close content main div --><\/div><\/div><\/div><div id='after_section_1' class='main_color av_default_container_wrap container_wrap sidebar_right'   ><div class='container' ><div class='template-page content  av-content-small alpha units'><div class='post-entry post-entry-type-page post-entry-658'><div class='entry-content-wrapper clearfix'><\/div><\/div><\/div><!-- close content main div --><\/div><\/div><div id='av_section_2' class='avia-section main_color avia-section-default avia-no-border-styling avia-full-stretch av-section-color-overlay-active avia-bg-style-fixed  ht-section-top ht-page-about ht-page-business-top  av-minimum-height av-minimum-height-75 container_wrap sidebar_right' style = 'background-repeat: no-repeat; background-image: url(https:\/\/www.agriocchio.it\/wp-content\/uploads\/2018\/05\/occhio_azienda_background_bottom.jpg); background-attachment: fixed; background-position: top center; ' data-section-bg-repeat='stretch' ><div class='av-section-color-overlay-wrap'><div class='av-section-color-overlay' style='opacity: 1; background-image: url(https:\/\/www.agriocchio.it\/wp-content\/uploads\/2018\/05\/occhio_azienda_overlay_bottom.png); background-repeat: repeat;'><\/div><div class='container' ><div class='template-page content  av-content-small alpha units'><div class='post-entry post-entry-type-page post-entry-658'><div class='entry-content-wrapper clearfix'>\n<div class=\"flex_column av_one_full  flex_column_div av-zero-column-padding first   \" style='border-radius:0px; '><section class=\"av_textblock_section \"  itemscope=\"itemscope\" itemtype=\"https:\/\/schema.org\/CreativeWork\" ><div class='avia_textblock  av_inherit_color '  style='color:#ffffff; '  itemprop=\"text\" ><p style=\"text-align: center;\">Adem\u00e1s, el territorio forma parte de una peque\u00f1a regi\u00f3n rectangular denombrada &#8220;Lomellina&#8221;, comprendida entre los municipios de Novara, Vercelli, Mil\u00e1n y Pav\u00eda, especializada en el cultivo de arroz de calidad. Cultivo al que la explotaci\u00f3n consagra m\u00e1s de 300 hect\u00e1reas.<\/p>\n<\/div><\/section><\/div><\/div><\/div><\/div><!-- close content main div --><\/div><\/div><\/div><div id='after_section_2' class='main_color av_default_container_wrap container_wrap sidebar_right'   ><div class='container' ><div class='template-page content  av-content-small alpha units'><div class='post-entry post-entry-type-page post-entry-658'><div class='entry-content-wrapper clearfix'><\/p>\n","protected":false},"excerpt":{"rendered":"","protected":false},"author":2,"featured_media":0,"parent":0,"menu_order":0,"comment_status":"closed","ping_status":"closed","template":"","meta":{"footnotes":""},"_links":{"self":[{"href":"https:\/\/www.agriocchio.it\/es\/wp-json\/wp\/v2\/pages\/658\/"}],"collection":[{"href":"https:\/\/www.agriocchio.it\/es\/wp-json\/wp\/v2\/pages\/"}],"about":[{"href":"https:\/\/www.agriocchio.it\/es\/wp-json\/wp\/v2\/types\/page\/"}],"author":[{"embeddable":true,"href":"https:\/\/www.agriocchio.it\/es\/wp-json\/wp\/v2\/users\/2\/"}],"replies":[{"embeddable":true,"href":"https:\/\/www.agriocchio.it\/es\/wp-json\/wp\/v2\/comments\/?post=658"}],"version-history":[{"count":2,"href":"https:\/\/www.agriocchio.it\/es\/wp-json\/wp\/v2\/pages\/658\/revisions\/"}],"predecessor-version":[{"id":722,"href":"https:\/\/www.agriocchio.it\/es\/wp-json\/wp\/v2\/pages\/658\/revisions\/722\/"}],"wp:attachment":[{"href":"https:\/\/www.agriocchio.it\/es\/wp-json\/wp\/v2\/media\/?parent=658"}],"curies":[{"name":"wp","href":"https:\/\/api.w.org\/{rel}","templated":true}]}}